{"id":16033,"date":"2017-11-07T10:32:34","date_gmt":"2017-11-07T10:32:34","guid":{"rendered":"http:\/\/www.bendel.de\/gtc\/"},"modified":"2021-03-23T13:59:32","modified_gmt":"2021-03-23T13:59:32","slug":"gtc","status":"publish","type":"page","link":"https:\/\/www.tornador.com.pl\/en\/gtc\/","title":{"rendered":"GTC"},"content":{"rendered":"<p>[et_pb_section fb_built=&#8221;1&#8243; _builder_version=&#8221;3.22&#8243;][et_pb_row _builder_version=&#8221;3.25&#8243; background_size=&#8221;initial&#8221; background_position=&#8221;top_left&#8221; background_repeat=&#8221;repeat&#8221;][et_pb_column type=&#8221;4_4&#8243; _builder_version=&#8221;3.25&#8243; custom_padding=&#8221;|||&#8221; custom_padding__hover=&#8221;|||&#8221;][et_pb_text _builder_version=&#8221;4.9.0&#8243; hover_enabled=&#8221;0&#8243; border_style=&#8221;solid&#8221; sticky_enabled=&#8221;0&#8243;]<\/p>\n<h2>ZASADY KORZYSTANIA ZE STRONY INTERNETOWEJ<br \/>TORNADOR.COM.PL<\/h2>\n<h3>O NAS<\/h3>\n<p>W\u0142a\u015bcicielem niniejszej strony internetowej dost\u0119pnej pod adresem internetowym www.tornador.com.pl (dalej jako: \u201e<strong>Strona<\/strong>\u201d lub \u201e<strong>Strona Internetowa<\/strong>\u201d) jest WOJCIECH \u017bUKOWSKI prowadz\u0105cy dzia\u0142alno\u015b\u0107 gospodarcz\u0105 pod firm\u0105 <strong>WOJCIECH \u017bUKOWSKI<\/strong> W\u017b-SERVICEGROUP wpisany do Centralnej Ewidencji i Informacji o Dzia\u0142alno\u015bci Gospodarczej Rzeczypospolitej Polskiej prowadzonej przez ministra w\u0142a\u015bciwego do spraw gospodarki, posiadaj\u0105cy: adres miejsca wykonywania dzia\u0142alno\u015bci i adres do dor\u0119cze\u0144: ul. Stro\u0144ska 3, 50-540 Wroc\u0142aw; NIP: 8992638128; REGON: 020741206 oraz adres poczty elektronicznej: kontakt@tornador.com.pl, numer telefonu kontaktowego: +48713070511 (dalej jako: \u201e<strong>W\u0142a\u015bciciel<\/strong>\u201d lub \u201e<strong>Administrator<\/strong>\u201d).<\/p>\n<h3>ZASTRZE\u017bENIE PRAWNE<\/h3>\n<p>Niniejsza Strona nie jest sklepem ani serwisem internetowym i nie jest za jej po\u015brednictwem mo\u017cliwe zawarcie umowy sprzeda\u017cy albo umowy o \u015bwiadczenie us\u0142ug (oznacza to m. in. \u017ce reklamy, cenniki, katalogi i inne informacje o produktach<br \/>i us\u0142ugach zamieszczone na Stronie nie powinny by\u0107 traktowane jako oferta, a ewentualnie jako zaproszenie do zawarcia umowy). Zawarcie umowy mo\u017ce nast\u0105pi\u0107 na skutek zapytania skierowanego do W\u0142a\u015bciciela oraz po uzgodnieniu przez strony szczeg\u00f3\u0142owych warunk\u00f3w takiej umowy \u2013 zawarcie i warunki takiej umowy uregulowane s\u0105 jednak odr\u0119bnymi og\u00f3lnymi warunkami sprzeda\u017cy przez W\u0142a\u015bciciela albo te\u017c s\u0105 przedmiotem indywidualnych ustale\u0144 stron przed zawarciem umowy.<br \/>Administratorem danych osobowych gromadzonych i przetwarzanych w zwi\u0105zku z korzystaniem ze Strony Internetowej jest W\u0142a\u015bciciel. Dane osobowe przetwarzane s\u0105 w celach, przez okres i w oparciu o podstawy i zasady wskazane w <a href=\"https:\/\/www.tornador.com.pl\/en\/privacy-policy\/\">polityce prywatno\u015bci<\/a> opublikowanej na Stronie Internetowej. Polityka prywatno\u015bci zawiera przede wszystkim zasady dotycz\u0105ce przetwarzania danych osobowych przez Administratora na Stronie Internetowej, w tym podstawy, cele i okres przetwarzania danych osobowych oraz prawa os\u00f3b, kt\u00f3rych dane dotycz\u0105, a tak\u017ce informacje w zakresie stosowania na Stronie Internetowej plik\u00f3w Cookies oraz narz\u0119dzi analitycznych. Korzystanie ze Strony Internetowej jest dobrowolne. Podobnie zwi\u0105zane z tym podanie danych osobowych przez korzystaj\u0105cego ze Strony Internetowej jest dobrowolne, z zastrze\u017ceniem wyj\u0105tk\u00f3w wskazanych w polityce prywatno\u015bci (np. obowi\u0105zki ustawowe W\u0142a\u015bciciela).<\/p>\n<h3>KORZYSTANIE ZE STRONY<\/h3>\n<p>Strona jest dost\u0119pna dla wszystkich u\u017cytkownik\u00f3w Internetu. W ramach Strony W\u0142a\u015bciciel udost\u0119pnia informacje<br \/>o prowadzonej przez siebie dzia\u0142alno\u015bci gospodarczej oraz o \u015bwiadczonych przez siebie us\u0142ugach i sprzedawanych produktach.<br \/>Prawid\u0142owe korzystanie ze Strony wymaga spe\u0142nienia poni\u017cszych wymaga\u0144 technicznych:<\/p>\n<ul>\n<li>Komputer, laptop lub inne urz\u0105dzenie multimedialne z dost\u0119pem do Internetu.<\/li>\n<li>Dost\u0119p do poczty elektronicznej.<\/li>\n<li>Przegl\u0105darka internetowa w aktualnej wersji: Mozilla Firefox, Internet Explorer, Opera, Google Chrome, Safari lub Microsoft Edge.<\/li>\n<li>Zalecana minimalna rozdzielczo\u015b\u0107 ekranu: 1024&#215;768.<\/li>\n<li>W\u0142\u0105czenie w przegl\u0105darce internetowej mo\u017cliwo\u015bci zapisu plik\u00f3w Cookies oraz obs\u0142ugi Javascript.<\/li>\n<\/ul>\n<p>Korzystanie ze Strony jest bezp\u0142atne. Korzystanie ze Strony winno odbywa\u0107 si\u0119 w spos\u00f3b zgodny z prawem i dobrymi obyczajami, maj\u0105c na uwadze poszanowanie d\u00f3br osobistych, ochron\u0119 danych osobowych i praw Administratora, innych os\u00f3b korzystaj\u0105cych ze Strony oraz os\u00f3b trzecich, w tym praw autorskich i praw w\u0142asno\u015bci intelektualnej. Zabronione s\u0105 bezprawne dzia\u0142ania mog\u0105ce utrudnia\u0107 funkcjonowanie Strony. Zakazanie jest r\u00f3wnie\u017c dostarczanie tre\u015bci o charakterze bezprawnym.<br \/>Mo\u017cesz w ka\u017cdej chwili i bez podania przyczyny zrezygnowa\u0107 z korzystania ze Strony poprzez zamkni\u0119cie strony internetowej lub przegl\u0105darki internetowej.<br \/>W razie jakichkolwiek problem\u00f3w lub pyta\u0144 zwi\u0105zanych z korzystaniem ze Strony lub innych pyta\u0144 prosimy o kontakt<br \/>z W\u0142a\u015bcicielem Strony:<\/p>\n<ul>\n<li>za po\u015brednictwem poczty elektronicznej na adres poczty elektronicznej: kontakt@tornador.com.pl;<\/li>\n<li>pisemnie lub osobi\u015bcie pod adresem: ul. Stro\u0144ska 3, 50-540 Wroc\u0142aw.<\/li>\n<\/ul>\n<p>W opisie zg\u0142oszenia prosimy poda\u0107 (1) informacje i okoliczno\u015bci dotycz\u0105ce przedmiotu zg\u0142oszenia; oraz (2) dane kontaktowe zg\u0142aszaj\u0105cego. Ustosunkujemy si\u0119 do Pa\u0144stwa zg\u0142oszenia w terminie do 14 dni kalendarzowych.<\/p>\n<h3>US\u0141UGI ELEKTRONICZNE<\/h3>\n<p>Na Stronie dost\u0119pne s\u0105 nast\u0119puj\u0105ce us\u0142ugi elektroniczne: formularz kontaktowy.<br \/>Korzystanie z formularza kontaktowego mo\u017cliwe jest po wykonaniu \u0142\u0105cznie trzech kolejnych krok\u00f3w przez us\u0142ugobiorc\u0119 \u2013 (1) przej\u015bciu do zak\u0142adki \u201eKontakt\u201d, (2) wype\u0142nieniu formularza kontaktowego oraz (3) klikni\u0119ciu pola \u201eWy\u015blij wiadomo\u015b\u0107\u201d. Formularz kontaktowy wymaga podania tre\u015bci wiadomo\u015bci kierowanej do W\u0142a\u015bciciela oraz co najmniej nast\u0119puj\u0105cych danych us\u0142ugobiorcy: imi\u0119 i nazwisko oraz adresu poczty elektronicznej.<br \/>Us\u0142uga elektroniczna formularz kontaktowy \u015bwiadczona jest nieodp\u0142atnie oraz ma charakter jednorazowy i ulega zako\u0144czeniu z chwil\u0105 wys\u0142ania wiadomo\u015bci za jego po\u015brednictwem albo z chwil\u0105 wcze\u015bniejszego zaprzestania formu\u0142owania wiadomo\u015bci za jego po\u015brednictwem.<br \/>Wszystkie tre\u015bci publikowane przez us\u0142ugobiorc\u00f3w na Stronie Internetowej lub wysy\u0142ane za jej po\u015brednictwem powinny by\u0107 rzetelne oraz zawiera\u0107 prawdziwe informacje. Niedozwolone jest zamieszczanie tre\u015bci naruszaj\u0105cych zasady netykiety oraz zawieraj\u0105cych informacje, kt\u00f3re s\u0105 nieprawdziwe lub mog\u0105 wprowadzi\u0107 w b\u0142\u0105d inne osoby, a tak\u017ce zawieraj\u0105ce tre\u015bci reklamowe lub promuj\u0105ce bezpo\u015brednio albo po\u015brednio inne strony, produkty i us\u0142ugi. W\u0142a\u015bciciel zastrzega sobie prawo usuni\u0119cia tre\u015bci naruszaj\u0105cych powy\u017csze zasady.<\/p>\n<h3>PRAWA AUTORSKIE<\/h3>\n<p>Prawa autorskie oraz prawa w\u0142asno\u015bci intelektualnej do Strony jako ca\u0142o\u015bci oraz tre\u015bci, grafik, utwor\u00f3w, wzor\u00f3w i znak\u00f3w dost\u0119pnych w jej ramach nale\u017c\u0105 do W\u0142a\u015bciciela lub innych uprawnionych podmiot\u00f3w trzecich i obj\u0119te s\u0105 ochron\u0105 prawa autorskiego oraz innych przepis\u00f3w powszechnie obowi\u0105zuj\u0105cego prawa. Korzystanie z zamieszczonych na Stronie tre\u015bci jest dozwolone bez ogranicze\u0144 w zakresie w\u0142asnego u\u017cytku osobistego. Korzystanie z zamieszczonych na Stronie tre\u015bci w innym zakresie wymaga uprzedniej wyra\u017anej zgody Administratora lub innych uprawnionych podmiot\u00f3w trzecich.<\/p>\n<h3>KONTAKT Z NAMI<\/h3>\n<p>W razie jakichkolwiek problem\u00f3w lub pyta\u0144 zwi\u0105zanych z korzystaniem ze Strony lub innych pyta\u0144 prosimy o kontakt<br \/>z W\u0142a\u015bcicielem Strony:<\/p>\n<ul>\n<li>za po\u015brednictwem poczty elektronicznej na adres poczty elektronicznej: <a href=\"mailto:kontakt@tornador.com.pl\" target=\"_blank\" rel=\"noopener\">kontakt@tornador.com.pl<\/a>;<\/li>\n<li>pisemnie lub osobi\u015bcie pod adresem: ul. Stro\u0144ska 3, 50-540 Wroc\u0142aw.<\/li>\n<\/ul>\n<p>[\/et_pb_text][\/et_pb_column][\/et_pb_row][\/et_pb_section]<\/p>\n","protected":false},"excerpt":{"rendered":"<p>ZASADY KORZYSTANIA ZE STRONY INTERNETOWEJTORNADOR.COM.PL O NAS W\u0142a\u015bcicielem niniejszej strony internetowej dost\u0119pnej pod adresem internetowym www.tornador.com.pl (dalej jako: \u201eStrona\u201d lub \u201eStrona Internetowa\u201d) jest WOJCIECH \u017bUKOWSKI prowadz\u0105cy dzia\u0142alno\u015b\u0107 gospodarcz\u0105 pod firm\u0105 WOJCIECH \u017bUKOWSKI W\u017b-SERVICEGROUP wpisany do Centralnej Ewidencji i Informacji o Dzia\u0142alno\u015bci Gospodarczej Rzeczypospolitej Polskiej prowadzonej przez ministra w\u0142a\u015bciwego do spraw gospodarki, posiadaj\u0105cy: adres miejsca wykonywania [&hellip;]<\/p>\n","protected":false},"author":7,"featured_media":0,"parent":0,"menu_order":133,"comment_status":"closed","ping_status":"closed","template":"","meta":{"_et_pb_use_builder":"on","_et_pb_old_content":"","_et_gb_content_width":"","footnotes":""},"class_list":["post-16033","page","type-page","status-publish","hentry"],"_links":{"self":[{"href":"https:\/\/www.tornador.com.pl\/en\/wp-json\/wp\/v2\/pages\/16033","targetHints":{"allow":["GET"]}}],"collection":[{"href":"https:\/\/www.tornador.com.pl\/en\/wp-json\/wp\/v2\/pages"}],"about":[{"href":"https:\/\/www.tornador.com.pl\/en\/wp-json\/wp\/v2\/types\/page"}],"author":[{"embeddable":true,"href":"https:\/\/www.tornador.com.pl\/en\/wp-json\/wp\/v2\/users\/7"}],"replies":[{"embeddable":true,"href":"https:\/\/www.tornador.com.pl\/en\/wp-json\/wp\/v2\/comments?post=16033"}],"version-history":[{"count":18,"href":"https:\/\/www.tornador.com.pl\/en\/wp-json\/wp\/v2\/pages\/16033\/revisions"}],"predecessor-version":[{"id":29811,"href":"https:\/\/www.tornador.com.pl\/en\/wp-json\/wp\/v2\/pages\/16033\/revisions\/29811"}],"wp:attachment":[{"href":"https:\/\/www.tornador.com.pl\/en\/wp-json\/wp\/v2\/media?parent=16033"}],"curies":[{"name":"wp","href":"https:\/\/api.w.org\/{rel}","templated":true}]}}