{"id":23233,"date":"2017-12-22T10:24:43","date_gmt":"2017-12-22T10:24:43","guid":{"rendered":"http:\/\/www.bendel.de\/contact\/"},"modified":"2022-10-06T19:49:02","modified_gmt":"2022-10-06T19:49:02","slug":"contact","status":"publish","type":"page","link":"https:\/\/www.tornador.com.pl\/en\/contact\/","title":{"rendered":"Contact"},"content":{"rendered":"<p>[et_pb_section fb_built=&#8221;1&#8243; _builder_version=&#8221;4.16&#8243; global_colors_info=&#8221;{}&#8221;][et_pb_row _builder_version=&#8221;4.16&#8243; background_size=&#8221;initial&#8221; background_position=&#8221;top_left&#8221; background_repeat=&#8221;repeat&#8221; global_colors_info=&#8221;{}&#8221;][et_pb_column type=&#8221;4_4&#8243; _builder_version=&#8221;4.16&#8243; custom_padding=&#8221;|||&#8221; global_colors_info=&#8221;{}&#8221; custom_padding__hover=&#8221;|||&#8221;][et_pb_text _builder_version=&#8221;4.18.0&#8243; _module_preset=&#8221;default&#8221; hover_enabled=&#8221;0&#8243; global_colors_info=&#8221;{}&#8221; sticky_enabled=&#8221;0&#8243;]<\/p>\n<h4 class=\"widgettitle\">W\u017b-SERVICEGROUP<\/h4>\n<div class=\"textwidget\">\n<p><span style=\"vertical-align: inherit;\"><span style=\"vertical-align: inherit;\">Stro\u0144ska 3 <\/span><\/span><br \/><span style=\"vertical-align: inherit;\"><span style=\"vertical-align: inherit;\">50-540 Wroc\u0142aw <\/span><\/span><br \/><span style=\"vertical-align: inherit;\"><span style=\"vertical-align: inherit;\">Polska<\/span><\/span><\/p>\n<p>NIP \/ VAT : PL8992638128<br \/><span style=\"vertical-align: inherit;\"><span style=\"vertical-align: inherit;\"><span style=\"vertical-align: inherit;\"><span style=\"vertical-align: inherit;\">Phone<\/span><\/span><\/span><\/span><span style=\"vertical-align: inherit;\"><span style=\"vertical-align: inherit;\"><span style=\"vertical-align: inherit;\"><span style=\"vertical-align: inherit;\">: +48 71 3070511 <\/span><\/span><\/span><\/span><br \/><span style=\"vertical-align: inherit;\"><span style=\"vertical-align: inherit;\"><span style=\"vertical-align: inherit;\"><span style=\"vertical-align: inherit;\">Mobil: +48 664 158 061<br \/>Mail: <\/span><\/span><\/span><\/span><a href=\"mailto:info@tornador.com.pl\" target=\"_blank\" rel=\"noopener\">info@tornador.com.pl<\/a><\/p>\n<\/div>\n<p>[\/et_pb_text][\/et_pb_column][\/et_pb_row][\/et_pb_section]<\/p>\n","protected":false},"excerpt":{"rendered":"<p>W\u017b-SERVICEGROUP Stro\u0144ska 3 50-540 Wroc\u0142aw Polska NIP \/ VAT : PL8992638128Phone: +48 71 3070511 Mobil: +48 664 158 061Mail: info@tornador.com.pl<\/p>\n","protected":false},"author":7,"featured_media":0,"parent":0,"menu_order":249,"comment_status":"closed","ping_status":"closed","template":"","meta":{"_et_pb_use_builder":"on","_et_pb_old_content":"","_et_gb_content_width":"","footnotes":""},"class_list":["post-23233","page","type-page","status-publish","hentry"],"_links":{"self":[{"href":"https:\/\/www.tornador.com.pl\/en\/wp-json\/wp\/v2\/pages\/23233","targetHints":{"allow":["GET"]}}],"collection":[{"href":"https:\/\/www.tornador.com.pl\/en\/wp-json\/wp\/v2\/pages"}],"about":[{"href":"https:\/\/www.tornador.com.pl\/en\/wp-json\/wp\/v2\/types\/page"}],"author":[{"embeddable":true,"href":"https:\/\/www.tornador.com.pl\/en\/wp-json\/wp\/v2\/users\/7"}],"replies":[{"embeddable":true,"href":"https:\/\/www.tornador.com.pl\/en\/wp-json\/wp\/v2\/comments?post=23233"}],"version-history":[{"count":6,"href":"https:\/\/www.tornador.com.pl\/en\/wp-json\/wp\/v2\/pages\/23233\/revisions"}],"predecessor-version":[{"id":30126,"href":"https:\/\/www.tornador.com.pl\/en\/wp-json\/wp\/v2\/pages\/23233\/revisions\/30126"}],"wp:attachment":[{"href":"https:\/\/www.tornador.com.pl\/en\/wp-json\/wp\/v2\/media?parent=23233"}],"curies":[{"name":"wp","href":"https:\/\/api.w.org\/{rel}","templated":true}]}}